{"id":147,"date":"2020-01-20T16:07:59","date_gmt":"2020-01-20T16:07:59","guid":{"rendered":"https:\/\/bridge317.qodeinteractive.com\/?page_id=147"},"modified":"2022-09-09T22:21:23","modified_gmt":"2022-09-09T22:21:23","slug":"about-us","status":"publish","type":"page","link":"https:\/\/cootranorte.com\/?page_id=147","title":{"rendered":"Nuestra Empresa"},"content":{"rendered":"\t\t<div data-elementor-type=\"wp-page\" data-elementor-id=\"147\" class=\"elementor elementor-147\">\n\t\t\t\t\t\t<section class=\"elementor-section elementor-top-section elementor-element elementor-element-3f5e30df elementor-section-full_width qode_elementor_container_inner elementor-section-height-default elementor-section-height-default parallax_section_no\" data-id=\"3f5e30df\" data-element_type=\"section\" data-e-type=\"section\">\n\t\t\t\t\t\t<div class=\"elementor-container elementor-column-gap-default\">\n\t\t\t\t\t<div class=\"elementor-column elementor-col-100 elementor-top-column elementor-element elementor-element-5557f739\" data-id=\"5557f739\" data-element_type=\"column\" data-e-type=\"column\">\n\t\t\t<div class=\"elementor-widget-wrap elementor-element-populated\">\n\t\t\t\t\t\t<div class=\"elementor-element elementor-element-4805ed89 elementor-widget elementor-widget-image\" data-id=\"4805ed89\" data-element_type=\"widget\" data-e-type=\"widget\" data-widget_type=\"image.default\">\n\t\t\t\t<div class=\"elementor-widget-container\">\n\t\t\t\t\t\t\t\t\t\t\t\t\t\t\t<img fetchpriority=\"high\" decoding=\"async\" width=\"1121\" height=\"96\" src=\"https:\/\/cootranorte.com\/wp-content\/uploads\/2020\/01\/section-title-image-4.png\" class=\"attachment-full size-full wp-image-154\" alt=\"f\" srcset=\"https:\/\/cootranorte.com\/wp-content\/uploads\/2020\/01\/section-title-image-4.png 1121w, https:\/\/cootranorte.com\/wp-content\/uploads\/2020\/01\/section-title-image-4-300x26.png 300w, https:\/\/cootranorte.com\/wp-content\/uploads\/2020\/01\/section-title-image-4-1024x88.png 1024w, https:\/\/cootranorte.com\/wp-content\/uploads\/2020\/01\/section-title-image-4-768x66.png 768w, https:\/\/cootranorte.com\/wp-content\/uploads\/2020\/01\/section-title-image-4-700x60.png 700w\" sizes=\"(max-width: 1121px) 100vw, 1121px\" \/>\t\t\t\t\t\t\t\t\t\t\t\t\t\t\t<\/div>\n\t\t\t\t<\/div>\n\t\t\t\t<div class=\"elementor-element elementor-element-39b31d54 elementor-widget elementor-widget-heading\" data-id=\"39b31d54\" data-element_type=\"widget\" data-e-type=\"widget\" data-widget_type=\"heading.default\">\n\t\t\t\t<div class=\"elementor-widget-container\">\n\t\t\t\t\t<h2 class=\"elementor-heading-title elementor-size-default\">somos cootranorte<\/h2>\t\t\t\t<\/div>\n\t\t\t\t<\/div>\n\t\t\t\t<div class=\"elementor-element elementor-element-4f0dee95 elementor-widget elementor-widget-spacer\" data-id=\"4f0dee95\" data-element_type=\"widget\" data-e-type=\"widget\" data-widget_type=\"spacer.default\">\n\t\t\t\t<div class=\"elementor-widget-container\">\n\t\t\t\t\t\t\t<div class=\"elementor-spacer\">\n\t\t\t<div class=\"elementor-spacer-inner\"><\/div>\n\t\t<\/div>\n\t\t\t\t\t\t<\/div>\n\t\t\t\t<\/div>\n\t\t\t\t<div class=\"elementor-element elementor-element-218c5e1c elementor-widget elementor-widget-heading\" data-id=\"218c5e1c\" data-element_type=\"widget\" data-e-type=\"widget\" data-widget_type=\"heading.default\">\n\t\t\t\t<div class=\"elementor-widget-container\">\n\t\t\t\t\t<h6 class=\"elementor-heading-title elementor-size-default\">una entidad prestadora de servicios de transporte terrestre con varias modalidades avalada por los correspondientes entes gubernamentales a cu\u00e1l corresponde.\n<br><br>\nAprobada por el MINISTERIO DE TRANSPORTE con la Resoluci\u00f3n No 000042 de diciembre 14 del a\u00f1o 2004 Se nos conoce comercialmente como COOPERATIVA DE TRANSPORTADORES DEL NORTE DE COLOMBIA \u201cCOOTRANORTE\u201d. Con NIT 830.503.784-6\n<\/h6>\t\t\t\t<\/div>\n\t\t\t\t<\/div>\n\t\t\t\t\t<\/div>\n\t\t<\/div>\n\t\t\t\t\t<\/div>\n\t\t<\/section>\n\t\t\t\t<section class=\"elementor-section elementor-top-section elementor-element elementor-element-f5d70b4 elementor-section-boxed elementor-section-height-default elementor-section-height-default parallax_section_no qode_elementor_container_no\" data-id=\"f5d70b4\" data-element_type=\"section\" data-e-type=\"section\">\n\t\t\t\t\t\t<div class=\"elementor-container elementor-column-gap-wider\">\n\t\t\t\t\t<div class=\"elementor-column elementor-col-100 elementor-top-column elementor-element elementor-element-e9ffc3d\" data-id=\"e9ffc3d\" data-element_type=\"column\" data-e-type=\"column\">\n\t\t\t<div class=\"elementor-widget-wrap elementor-element-populated\">\n\t\t\t\t\t\t<section class=\"elementor-section elementor-inner-section elementor-element elementor-element-af4cb65 elementor-section-boxed elementor-section-height-default elementor-section-height-default parallax_section_no qode_elementor_container_no\" data-id=\"af4cb65\" data-element_type=\"section\" data-e-type=\"section\">\n\t\t\t\t\t\t<div class=\"elementor-container elementor-column-gap-default\">\n\t\t\t\t\t<div class=\"elementor-column elementor-col-50 elementor-inner-column elementor-element elementor-element-7cf06fa\" data-id=\"7cf06fa\" data-element_type=\"column\" data-e-type=\"column\">\n\t\t\t<div class=\"elementor-widget-wrap elementor-element-populated\">\n\t\t\t\t\t\t<div class=\"elementor-element elementor-element-d841f34 elementor-widget elementor-widget-heading\" data-id=\"d841f34\" data-element_type=\"widget\" data-e-type=\"widget\" data-widget_type=\"heading.default\">\n\t\t\t\t<div class=\"elementor-widget-container\">\n\t\t\t\t\t<h3 class=\"elementor-heading-title elementor-size-default\">MISI\u00d3N<\/h3>\t\t\t\t<\/div>\n\t\t\t\t<\/div>\n\t\t\t\t<div class=\"elementor-element elementor-element-52cdcfa elementor-widget elementor-widget-text-editor\" data-id=\"52cdcfa\" data-element_type=\"widget\" data-e-type=\"widget\" data-widget_type=\"text-editor.default\">\n\t\t\t\t<div class=\"elementor-widget-container\">\n\t\t\t\t\t\t\t\t\t<p>COOTRANORTE, es una cooperativa prestadora de servicio de transporte terrestre con modalidad especial, carga y mixto de pasajeros por carretera a nivel regional que crece continuamente para contribuir al desarrollo sostenible del pa\u00eds, a mejorar el nivel de satisfacci\u00f3n de nuestros clientes, asociados, colaboradores y sus familias. Apoyados en un moderno parque automotor para ofrecer servicios de alta calidad, con efectividad, responsabilidad, seguridad y puntualidad.<\/p>\t\t\t\t\t\t\t\t<\/div>\n\t\t\t\t<\/div>\n\t\t\t\t\t<\/div>\n\t\t<\/div>\n\t\t\t\t<div class=\"elementor-column elementor-col-50 elementor-inner-column elementor-element elementor-element-425a26f\" data-id=\"425a26f\" data-element_type=\"column\" data-e-type=\"column\">\n\t\t\t<div class=\"elementor-widget-wrap elementor-element-populated\">\n\t\t\t\t\t\t<div class=\"elementor-element elementor-element-d26903d elementor-widget elementor-widget-heading\" data-id=\"d26903d\" data-element_type=\"widget\" data-e-type=\"widget\" data-widget_type=\"heading.default\">\n\t\t\t\t<div class=\"elementor-widget-container\">\n\t\t\t\t\t<h3 class=\"elementor-heading-title elementor-size-default\">VISI\u00d3N<\/h3>\t\t\t\t<\/div>\n\t\t\t\t<\/div>\n\t\t\t\t<div class=\"elementor-element elementor-element-deebfb2 elementor-widget elementor-widget-text-editor\" data-id=\"deebfb2\" data-element_type=\"widget\" data-e-type=\"widget\" data-widget_type=\"text-editor.default\">\n\t\t\t\t<div class=\"elementor-widget-container\">\n\t\t\t\t\t\t\t\t\t<p>Ser reconocidos en el medio como una empresa l\u00edder que pueda desarrollar y suplir las necesidades de las empresas contratantes en el \u00e1rea del transporte terrestre de carga seca y liquida, alquiler de maquinaria amarilla, transporte mixto y especial de pasajeros para llegar a ser aliados estrat\u00e9gicos de nuestros usuarios, colocando a su disposici\u00f3n una log\u00edstica integral orientada a la satisfacci\u00f3n de nuestros clientes a nivel nacional.<\/p>\t\t\t\t\t\t\t\t<\/div>\n\t\t\t\t<\/div>\n\t\t\t\t\t<\/div>\n\t\t<\/div>\n\t\t\t\t\t<\/div>\n\t\t<\/section>\n\t\t\t\t\t<\/div>\n\t\t<\/div>\n\t\t\t\t\t<\/div>\n\t\t<\/section>\n\t\t\t\t<\/div>\n\t\t","protected":false},"excerpt":{"rendered":"<p>somos cootranorte una entidad prestadora de servicios de transporte terrestre con varias modalidades avalada por los correspondientes entes gubernamentales a cu\u00e1l corresponde. Aprobada por el MINISTERIO DE TRANSPORTE con la Resoluci\u00f3n No 000042 de diciembre 14 del a\u00f1o 2004 Se nos conoce comercialmente como COOPERATIVA&#8230;<\/p>\n","protected":false},"author":1,"featured_media":0,"parent":0,"menu_order":0,"comment_status":"closed","ping_status":"closed","template":"full_width.php","meta":{"om_disable_all_campaigns":false,"_monsterinsights_skip_tracking":false,"_monsterinsights_sitenote_active":false,"_monsterinsights_sitenote_note":"","_monsterinsights_sitenote_category":0,"footnotes":""},"class_list":["post-147","page","type-page","status-publish","hentry"],"aioseo_notices":[],"_links":{"self":[{"href":"https:\/\/cootranorte.com\/index.php?rest_route=\/wp\/v2\/pages\/147","targetHints":{"allow":["GET"]}}],"collection":[{"href":"https:\/\/cootranorte.com\/index.php?rest_route=\/wp\/v2\/pages"}],"about":[{"href":"https:\/\/cootranorte.com\/index.php?rest_route=\/wp\/v2\/types\/page"}],"author":[{"embeddable":true,"href":"https:\/\/cootranorte.com\/index.php?rest_route=\/wp\/v2\/users\/1"}],"replies":[{"embeddable":true,"href":"https:\/\/cootranorte.com\/index.php?rest_route=%2Fwp%2Fv2%2Fcomments&post=147"}],"version-history":[{"count":25,"href":"https:\/\/cootranorte.com\/index.php?rest_route=\/wp\/v2\/pages\/147\/revisions"}],"predecessor-version":[{"id":634,"href":"https:\/\/cootranorte.com\/index.php?rest_route=\/wp\/v2\/pages\/147\/revisions\/634"}],"wp:attachment":[{"href":"https:\/\/cootranorte.com\/index.php?rest_route=%2Fwp%2Fv2%2Fmedia&parent=147"}],"curies":[{"name":"wp","href":"https:\/\/api.w.org\/{rel}","templated":true}]}}