{"id":16,"date":"2020-01-20T11:51:47","date_gmt":"2020-01-20T11:51:47","guid":{"rendered":"https:\/\/bridge317.qodeinteractive.com\/?page_id=16"},"modified":"2022-09-15T22:44:22","modified_gmt":"2022-09-15T22:44:22","slug":"home","status":"publish","type":"page","link":"https:\/\/cootranorte.com\/","title":{"rendered":"home"},"content":{"rendered":"<style>\/*! elementor - v3.7.3 - 29-08-2022 *\/\n.elementor-widget-image{text-align:center}.elementor-widget-image a{display:inline-block}.elementor-widget-image a img[src$=\".svg\"]{width:48px}.elementor-widget-image img{vertical-align:middle;display:inline-block}<\/style>\n<p>\t\t\t\t\t\t\t\t\t\t\t\t<img loading=\"lazy\" decoding=\"async\" width=\"87\" height=\"57\" src=\"https:\/\/cootranorte.com\/wp-content\/uploads\/2020\/01\/icon-1.png\" alt=\"\" loading=\"lazy\" \/>\t\t\t\t\t\t\t\t\t\t\t\t\t\t\t<\/p>\n<style>\/*! elementor - v3.7.3 - 29-08-2022 *\/\n.elementor-column .elementor-spacer-inner{height:var(--spacer-size)}.e-container{--container-widget-width:100%}.e-container>.elementor-widget-spacer{width:var(--container-widget-width,var(--spacer-size));-ms-flex-item-align:stretch;align-self:stretch;-ms-flex-negative:0;flex-shrink:0}.e-container>.elementor-widget-spacer>.elementor-widget-container,.e-container>.elementor-widget-spacer>.elementor-widget-container>.elementor-spacer{height:100%}.e-container>.elementor-widget-spacer>.elementor-widget-container>.elementor-spacer>.elementor-spacer-inner{height:var(--container-widget-height,var(--spacer-size))}<\/style>\n<style>\/*! elementor - v3.7.3 - 29-08-2022 *\/\n.elementor-heading-title{padding:0;margin:0;line-height:1}.elementor-widget-heading .elementor-heading-title[class*=elementor-size-]>a{color:inherit;font-size:inherit;line-height:inherit}.elementor-widget-heading .elementor-heading-title.elementor-size-small{font-size:15px}.elementor-widget-heading .elementor-heading-title.elementor-size-medium{font-size:19px}.elementor-widget-heading .elementor-heading-title.elementor-size-large{font-size:29px}.elementor-widget-heading .elementor-heading-title.elementor-size-xl{font-size:39px}.elementor-widget-heading .elementor-heading-title.elementor-size-xxl{font-size:59px}<\/style>\n<h4>TRANSPORTE<\/h4>\n<p style=\"text-align: center;\">Pasajeros, turismo,<\/p>\n<p style=\"text-align: center;\">empresarial y de carga<\/p>\n<p>\t\t\t\t\t\t\t\t\t\t\t\t\t\t\t<img loading=\"lazy\" decoding=\"async\" width=\"87\" height=\"66\" src=\"https:\/\/cootranorte.com\/wp-content\/uploads\/2020\/01\/icon-2.png\" alt=\"c\" loading=\"lazy\" \/>\t\t\t\t\t\t\t\t\t\t\t\t\t\t\t<\/p>\n<h4>MERCANCIA<\/h4>\n<p style=\"text-align: center;\">Log\u00edstica, recolecci\u00f3n y distribuci\u00f3n de mercanc\u00eda<\/p>\n<p>\t\t\t\t\t\t\t\t\t\t\t\t\t\t\t<img loading=\"lazy\" decoding=\"async\" width=\"200\" height=\"116\" src=\"https:\/\/cootranorte.com\/wp-content\/uploads\/2022\/08\/autobus.png\" alt=\"\" loading=\"lazy\" \/>\t\t\t\t\t\t\t\t\t\t\t\t\t\t\t<\/p>\n<h4>ESCOLAR<\/h4>\n<p style=\"text-align: center;\">Servicio de transporte escolar, puntual y seguro<\/p>\n<p>\t\t\t\t\t\t\t\t\t\t\t\t\t\t\t<img loading=\"lazy\" decoding=\"async\" width=\"200\" height=\"116\" src=\"https:\/\/cootranorte.com\/wp-content\/uploads\/2022\/08\/provado-1.png\" alt=\"\" loading=\"lazy\" \/>\t\t\t\t\t\t\t\t\t\t\t\t\t\t\t<\/p>\n<h4>PRIVADO<\/h4>\n<p style=\"text-align: center;\">Transporte especial privado para tu empresa<\/p>\n<p>\t\t\t\t\t\t\t\t\t\t\t\t\t\t\t<img loading=\"lazy\" decoding=\"async\" width=\"2775\" height=\"221\" src=\"https:\/\/cootranorte.com\/wp-content\/uploads\/2022\/08\/Mesa-de-trabajo-9.png\" alt=\"\" loading=\"lazy\" srcset=\"https:\/\/cootranorte.com\/wp-content\/uploads\/2022\/08\/Mesa-de-trabajo-9.png 2775w, https:\/\/cootranorte.com\/wp-content\/uploads\/2022\/08\/Mesa-de-trabajo-9-300x24.png 300w, https:\/\/cootranorte.com\/wp-content\/uploads\/2022\/08\/Mesa-de-trabajo-9-1024x82.png 1024w, https:\/\/cootranorte.com\/wp-content\/uploads\/2022\/08\/Mesa-de-trabajo-9-768x61.png 768w, https:\/\/cootranorte.com\/wp-content\/uploads\/2022\/08\/Mesa-de-trabajo-9-1536x122.png 1536w, https:\/\/cootranorte.com\/wp-content\/uploads\/2022\/08\/Mesa-de-trabajo-9-2048x163.png 2048w, https:\/\/cootranorte.com\/wp-content\/uploads\/2022\/08\/Mesa-de-trabajo-9-700x56.png 700w\" sizes=\"auto, (max-width: 2775px) 100vw, 2775px\" \/>\t\t\t\t\t\t\t\t\t\t\t\t\t\t\t<\/p>\n<h2>Servicios premium<\/h2>\n<h6>Nos enfocamos en brindar el mejor servicio personalizado para cada uno de nuestros clientes<\/h6>\n<p>\t\t\t<img decoding=\"async\" src=\"https:\/\/cootranorte.com\/wp-content\/uploads\/2022\/09\/web1.png\" alt=\"initial image\" \/><\/p>\n<h5>TRANSPORTE ESPECIAl<\/h5>\n<p>\t<a href=\"https:\/\/cootranorte.com\/?page_id=204\" target=\"_self\" style=\"color: #FFFFFF;font-family: work sans;font-size: 15px;font-weight: 400;font-style: normal\" rel=\"noopener\"><br \/>\n\t    Saber m\u00e1s\t<\/a><br \/>\n\t\t\t<img decoding=\"async\" src=\"https:\/\/cootranorte.com\/wp-content\/uploads\/2022\/09\/web-2.1.png\" alt=\"initial image\" \/><\/p>\n<h5>TRANSPORTE DE CARGA<\/h5>\n<p>\t<a href=\"https:\/\/cootranorte.com\/?page_id=204\" target=\"_self\" style=\"color: #FFFFFF;font-family: work sans;font-size: 15px;font-weight: 400;font-style: normal\" rel=\"noopener\"><br \/>\n\t    Saber m\u00e1s\t<\/a><br \/>\n\t\t\t<img decoding=\"async\" src=\"https:\/\/cootranorte.com\/wp-content\/uploads\/2022\/09\/web3.png\" alt=\"initial image\" \/><\/p>\n<h5>TRANSPORTE MIXTO<\/h5>\n<p>\t<a href=\"https:\/\/cootranorte.com\/?page_id=204\" target=\"_self\" style=\"color: #FFFFFF;font-family: work sans;font-size: 15px;font-weight: 400;font-style: normal\" rel=\"noopener\"><br \/>\n\t    Saber m\u00e1s\t<\/a><br \/>\n\t\t\t\t\t\t\t\t\t\t\t\t\t\t\t<img loading=\"lazy\" decoding=\"async\" width=\"4461\" height=\"257\" src=\"https:\/\/cootranorte.com\/wp-content\/uploads\/2022\/08\/Mesa-de-trabajo-10.png\" alt=\"\" loading=\"lazy\" srcset=\"https:\/\/cootranorte.com\/wp-content\/uploads\/2022\/08\/Mesa-de-trabajo-10.png 4461w, https:\/\/cootranorte.com\/wp-content\/uploads\/2022\/08\/Mesa-de-trabajo-10-300x17.png 300w, https:\/\/cootranorte.com\/wp-content\/uploads\/2022\/08\/Mesa-de-trabajo-10-1024x59.png 1024w, https:\/\/cootranorte.com\/wp-content\/uploads\/2022\/08\/Mesa-de-trabajo-10-768x44.png 768w, https:\/\/cootranorte.com\/wp-content\/uploads\/2022\/08\/Mesa-de-trabajo-10-1536x88.png 1536w, https:\/\/cootranorte.com\/wp-content\/uploads\/2022\/08\/Mesa-de-trabajo-10-2048x118.png 2048w, https:\/\/cootranorte.com\/wp-content\/uploads\/2022\/08\/Mesa-de-trabajo-10-700x40.png 700w\" sizes=\"auto, (max-width: 4461px) 100vw, 4461px\" \/>\t\t\t\t\t\t\t\t\t\t\t\t\t\t\t<\/p>\n<h2>DUDAS FRECUENTES<\/h2>\n<h6>Queremos facilitar tu experiencia, por eso quisimos resolver estas dudas de forma r\u00e1pida<\/h6>\n<p>\t\t\t<img decoding=\"async\" src=\"https:\/\/cootranorte.com\/wp-content\/uploads\/2022\/09\/sdsfdsf-copia.png\" alt=\"initial image\" \/><\/p>\n<h5>\n        1-\tCuenta con sistema de gesti\u00f3n, sst, calidad y medio ambiente<br \/>\n<\/h5>\n<p>Cootranorte cuenta con un sistema integrado de gesti\u00f3n certificado bajo las normas ISO 9001 de 2015, 14001 de 2015 y 45001 de 2018, Norsok y RUC.<\/p>\n<h5>\n        2-\t\u00bfC\u00f3mo acceder a un servicio de transporte mixto?<br \/>\n<\/h5>\n<p>Te puedes comunicar a la l\u00ednea telef\u00f3nica 3204646935 y recibir\u00e1s la informaci\u00f3n pertinente.<\/p>\n<h5>\n        \u00bfC\u00f3mo ser parte de la empresa?<br \/>\n<\/h5>\n<p>Env\u00eda tu solicitud al correo electr\u00f3nico <a href=\"mailto:rhumanos@cootranorte.com\">rhumanos@cootranorte.com<\/a> y recibe la informaci\u00f3n necesaria.<\/p>\n<h5>\n        4-\t\u00bfCu\u00e1les son las rutas establecidas de transporte?<br \/>\n<\/h5>\n<p>Cootranorte te brinda servicio de transporte en todo el territorio colombiano.<\/p>\n<p>\t\t\t<img decoding=\"async\" src=\"https:\/\/cootranorte.com\/wp-content\/uploads\/2022\/09\/sdsfdsf-copia.png\" alt=\"initial image\" \/><\/p>\n<h5>\n        1-\tCuenta con sistema de gesti\u00f3n, sst, calidad y medio ambiente<br \/>\n<\/h5>\n<p>Cootranorte cuenta con un sistema integrado de gesti\u00f3n certificado bajo las normas ISO 9001 de 2015, 14001 de 2015 y 45001 de 2018, Norsok y RUC.<\/p>\n<h5>\n        2-\t\u00bfC\u00f3mo acceder a un servicio de transporte mixto?<br \/>\n<\/h5>\n<p>Te puedes comunicar a la l\u00ednea telef\u00f3nica 3204646935 y recibir\u00e1s la informaci\u00f3n pertinente.<\/p>\n<h5>\n        \u00bfC\u00f3mo ser parte de la empresa?<br \/>\n<\/h5>\n<p>Env\u00eda tu solicitud al correo electr\u00f3nico <a href=\"mailto:rhumanos@cootranorte.com\">rhumanos@cootranorte.com<\/a> y recibe la informaci\u00f3n necesaria.<\/p>\n<h5>\n        4-\t\u00bfCu\u00e1les son las rutas establecidas de transporte?<br \/>\n<\/h5>\n<p>Cootranorte te brinda servicio de transporte en todo el territorio colombiano.<\/p>\n<p>\t\t\t\t\t\t\t\t\t\t\t\t\t\t\t<img loading=\"lazy\" decoding=\"async\" width=\"1504\" height=\"484\" src=\"https:\/\/cootranorte.com\/wp-content\/uploads\/2022\/08\/Mesa-de-trabajo-7-1.png\" alt=\"\" loading=\"lazy\" srcset=\"https:\/\/cootranorte.com\/wp-content\/uploads\/2022\/08\/Mesa-de-trabajo-7-1.png 1504w, https:\/\/cootranorte.com\/wp-content\/uploads\/2022\/08\/Mesa-de-trabajo-7-1-300x97.png 300w, https:\/\/cootranorte.com\/wp-content\/uploads\/2022\/08\/Mesa-de-trabajo-7-1-1024x330.png 1024w, https:\/\/cootranorte.com\/wp-content\/uploads\/2022\/08\/Mesa-de-trabajo-7-1-768x247.png 768w, https:\/\/cootranorte.com\/wp-content\/uploads\/2022\/08\/Mesa-de-trabajo-7-1-700x225.png 700w\" sizes=\"auto, (max-width: 1504px) 100vw, 1504px\" \/>\t\t\t\t\t\t\t\t\t\t\t\t\t\t\t<\/p>\n<h3>COVERTURA NACIONAL<\/h3>\n<p>Estamos autorizados por el ministerio de transporte mediante resoluci\u00f3n de habilitaci\u00f3n de CARGAN\u00ba0008 de mar 26 de 2008, con una amplia experiencia en el transporte de s\u00f3lidos y granel.<\/p>\n<h5>OFICINA PRINCIPAL<\/h5>\n<p style=\"color:#FFFFFF;font-size: 14px;font-weight: 300;\">Santa Ana (Magdalena)<\/p>\n<p style=\"color:#FFFFFF;font-size: 14px;font-weight: 300;\">323 292 0260 &#8211; 320 464 6935<\/p>\n<p style=\"color:#FFFFFF;font-size: 14px;font-weight: 300;\">Lunes a Viernes: 7:30 am a 12:00 m &#8211; 2:00 pm a 5:30 pm  &#8211;  Sab: 8:00 am a 12:00 m <\/p>\n<p>\t\t\t\t\t\t\t\t\t\t\t\t\t\t\t<img loading=\"lazy\" decoding=\"async\" width=\"444\" height=\"96\" src=\"https:\/\/cootranorte.com\/wp-content\/uploads\/2020\/01\/section-title-image-3.png\" alt=\"g\" loading=\"lazy\" srcset=\"https:\/\/cootranorte.com\/wp-content\/uploads\/2020\/01\/section-title-image-3.png 444w, https:\/\/cootranorte.com\/wp-content\/uploads\/2020\/01\/section-title-image-3-300x65.png 300w\" sizes=\"auto, (max-width: 444px) 100vw, 444px\" \/>\t\t\t\t\t\t\t\t\t\t\t\t\t\t\t<\/p>\n<h2>clients<\/h2>\n<p>            <a itemprop=\"url\" href=\"#\" target=\"_self\" rel=\"noopener\"><img decoding=\"async\" itemprop=\"image\" src=\"https:\/\/cootranorte.com\/wp-content\/uploads\/2020\/01\/client-1.png\" alt=\"\" \/><img decoding=\"async\" itemprop=\"image\" src=\"https:\/\/cootranorte.com\/wp-content\/uploads\/2020\/01\/client-1-hover.png\" alt=\"\" \/><\/a><a itemprop=\"url\" href=\"#\" target=\"_self\" rel=\"noopener\"><img decoding=\"async\" itemprop=\"image\" src=\"https:\/\/cootranorte.com\/wp-content\/uploads\/2020\/01\/client-2.png\" alt=\"\" \/><img decoding=\"async\" itemprop=\"image\" src=\"https:\/\/cootranorte.com\/wp-content\/uploads\/2020\/01\/client-2-hover.png\" alt=\"c\" \/><\/a><a itemprop=\"url\" href=\"void(0)\" target=\"_self\" rel=\"noopener\"><img decoding=\"async\" itemprop=\"image\" src=\"https:\/\/cootranorte.com\/wp-content\/uploads\/2020\/01\/client-3.png\" alt=\"\" \/><img decoding=\"async\" itemprop=\"image\" src=\"https:\/\/cootranorte.com\/wp-content\/uploads\/2020\/01\/client-3-hover.png\" alt=\"\" \/><\/a><a itemprop=\"url\" href=\"void(0)\" target=\"_self\" rel=\"noopener\"><img decoding=\"async\" itemprop=\"image\" src=\"https:\/\/cootranorte.com\/wp-content\/uploads\/2020\/01\/client-4.png\" alt=\"g\" \/><img decoding=\"async\" itemprop=\"image\" src=\"https:\/\/cootranorte.com\/wp-content\/uploads\/2020\/01\/client-4-hover.png\" alt=\"g\" \/><\/a><a itemprop=\"url\" href=\"void(0)\" target=\"_self\" rel=\"noopener\"><img decoding=\"async\" itemprop=\"image\" src=\"https:\/\/cootranorte.com\/wp-content\/uploads\/2020\/01\/client-5.png\" alt=\"g\" \/><img decoding=\"async\" itemprop=\"image\" src=\"https:\/\/cootranorte.com\/wp-content\/uploads\/2020\/01\/client-5-hover.png\" alt=\"\" \/><\/a><\/p>\n","protected":false},"excerpt":{"rendered":"<p>TRANSPORTE Pasajeros, turismo, empresarial y de carga MERCANCIA Log\u00edstica, recolecci\u00f3n y distribuci\u00f3n de mercanc\u00eda ESCOLAR Servicio de transporte escolar, puntual y seguro PRIVADO Transporte especial privado para tu empresa Servicios premium Nos enfocamos en brindar el mejor servicio personalizado para cada uno de nuestros clientes&#8230;<\/p>\n","protected":false},"author":1,"featured_media":0,"parent":0,"menu_order":0,"comment_status":"closed","ping_status":"closed","template":"full_width.php","meta":{"om_disable_all_campaigns":false,"_monsterinsights_skip_tracking":false,"_monsterinsights_sitenote_active":false,"_monsterinsights_sitenote_note":"","_monsterinsights_sitenote_category":0,"footnotes":""},"class_list":["post-16","page","type-page","status-publish","hentry"],"aioseo_notices":[],"_links":{"self":[{"href":"https:\/\/cootranorte.com\/index.php?rest_route=\/wp\/v2\/pages\/16","targetHints":{"allow":["GET"]}}],"collection":[{"href":"https:\/\/cootranorte.com\/index.php?rest_route=\/wp\/v2\/pages"}],"about":[{"href":"https:\/\/cootranorte.com\/index.php?rest_route=\/wp\/v2\/types\/page"}],"author":[{"embeddable":true,"href":"https:\/\/cootranorte.com\/index.php?rest_route=\/wp\/v2\/users\/1"}],"replies":[{"embeddable":true,"href":"https:\/\/cootranorte.com\/index.php?rest_route=%2Fwp%2Fv2%2Fcomments&post=16"}],"version-history":[{"count":78,"href":"https:\/\/cootranorte.com\/index.php?rest_route=\/wp\/v2\/pages\/16\/revisions"}],"predecessor-version":[{"id":646,"href":"https:\/\/cootranorte.com\/index.php?rest_route=\/wp\/v2\/pages\/16\/revisions\/646"}],"wp:attachment":[{"href":"https:\/\/cootranorte.com\/index.php?rest_route=%2Fwp%2Fv2%2Fmedia&parent=16"}],"curies":[{"name":"wp","href":"https:\/\/api.w.org\/{rel}","templated":true}]}}