{"id":180,"date":"2020-01-20T16:39:07","date_gmt":"2020-01-20T16:39:07","guid":{"rendered":"https:\/\/bridge317.qodeinteractive.com\/?page_id=180"},"modified":"2022-09-07T01:28:49","modified_gmt":"2022-09-07T01:28:49","slug":"contact-us","status":"publish","type":"page","link":"https:\/\/cootranorte.com\/?page_id=180","title":{"rendered":"Servicio al Cliente"},"content":{"rendered":"<h5>\n\t\t\tREALIZAR ENCUESTA DE SATISFACCI\u00d3N\t\t<\/h5>\n<p>\t\t\tPara nosotros es muy importante conocer tu opini\u00f3n, haz clic en el bot\u00f3n y responde una breve encuesta que nos servir\u00e1 para mejorar juntos. MUCHAS GRACIAS !!!<br \/>\n\t\t<a href=\"https:\/\/docs.google.com\/forms\/d\/16AAse7w0vErFhKELNIDOz9tjGwWd-e-h9BAGZKrxiUA\/viewform?edit_requested=true\" target=\"_self\" rel=\"noopener\">\tHAZ CLIC AQU\u00cd \t\t\t\t\t\t\t\t\t\t\t\t\t<\/a><br \/>\n\t\t\t<b>REALIZAR ENCUESTA DE SATISFACCI\u00d3N<\/b><br \/>\n<br \/><\/br><\/p>\n<p style=\"color:#FFFFFF\";>Para nosotros es muy importante conocer tu opini\u00f3n, haz clic en el bot\u00f3n y responde una breve encuesta que nos servir\u00e1 para mejorar juntos.\n<\/p>\n<p><a itemprop=\"url\" href=\"https:\/\/docs.google.com\/forms\/d\/16AAse7w0vErFhKELNIDOz9tjGwWd-e-h9BAGZKrxiUA\/viewform?edit_requested=true\" target=\"_self\" style=\"border-color: #000000;\" data-hover-background-color=\"#FFFFFF\" data-hover-border-color=\"#FFFFFF\" data-hover-color=\"#020101\" rel=\"noopener\">HAZ CLIC AQU\u00cd <\/a><br \/>\n\t\t\t<a href=\"https:\/\/wa.link\/4yg789\" target=\"_self\" rel=\"noopener\"><br \/>\n\tADMINISTRATIVO<br \/>\n<\/a><br \/>\n\t\t\t<a href=\"https:\/\/wa.link\/p6hifd\" target=\"_self\" rel=\"noopener\"><br \/>\n\tCONTBILIDAD<br \/>\n<\/a><br \/>\n\t\t\t<a href=\"https:\/\/wa.link\/uc2q6d\" target=\"_self\" rel=\"noopener\"><br \/>\n\tCOORD. LOG\u00cdSTICO<br \/>\n<\/a><br \/>\n\t\t\t<a href=\"https:\/\/wa.link\/oj19ih\" target=\"_self\" rel=\"noopener\"><br \/>\n\tCOORD. DE TRANSPORTE<br \/>\n<\/a><br \/>\n\t\t\t<a href=\"https:\/\/wa.link\/ogd19z\" target=\"_self\" rel=\"noopener\"><br \/>\n\tCOORD. DE RECUSROSOS HUMANOS<br \/>\n<\/a><\/p>\n<style>\/*! elementor - v3.7.3 - 29-08-2022 *\/\n.elementor-widget-image{text-align:center}.elementor-widget-image a{display:inline-block}.elementor-widget-image a img[src$=\".svg\"]{width:48px}.elementor-widget-image img{vertical-align:middle;display:inline-block}<\/style>\n<p>\t\t\t\t\t\t\t\t\t\t\t\t<img loading=\"lazy\" decoding=\"async\" width=\"422\" height=\"55\" src=\"https:\/\/cootranorte.com\/wp-content\/uploads\/2020\/01\/section-title-image-5.png\" alt=\"\" loading=\"lazy\" srcset=\"https:\/\/cootranorte.com\/wp-content\/uploads\/2020\/01\/section-title-image-5.png 422w, https:\/\/cootranorte.com\/wp-content\/uploads\/2020\/01\/section-title-image-5-300x39.png 300w\" sizes=\"auto, (max-width: 422px) 100vw, 422px\" \/>\t\t\t\t\t\t\t\t\t\t\t\t\t\t\t<\/p>\n<style>\/*! elementor - v3.7.3 - 29-08-2022 *\/\n.elementor-heading-title{padding:0;margin:0;line-height:1}.elementor-widget-heading .elementor-heading-title[class*=elementor-size-]>a{color:inherit;font-size:inherit;line-height:inherit}.elementor-widget-heading .elementor-heading-title.elementor-size-small{font-size:15px}.elementor-widget-heading .elementor-heading-title.elementor-size-medium{font-size:19px}.elementor-widget-heading .elementor-heading-title.elementor-size-large{font-size:29px}.elementor-widget-heading .elementor-heading-title.elementor-size-xl{font-size:39px}.elementor-widget-heading .elementor-heading-title.elementor-size-xxl{font-size:59px}<\/style>\n<h3>ESCR\u00cdBENOS<\/h3>\n<h5>Ac\u00e1 puedes dejarnos un mensaje con tus dudas, quejas o reclamos y nuestros personal te responder\u00e1 en el menor tiempo posible.<\/h5>\n<p role=\"status\" aria-live=\"polite\" aria-atomic=\"true\">\n<ul><\/ul>\n<form action=\"\/wp-admin\/admin-ajax.php#wpcf7-f197-o1\" method=\"post\" novalidate=\"novalidate\" data-status=\"init\">\n<input type=\"hidden\" name=\"_wpcf7\" value=\"197\" \/><br \/>\n<input type=\"hidden\" name=\"_wpcf7_version\" value=\"5.6.2\" \/><br \/>\n<input type=\"hidden\" name=\"_wpcf7_locale\" value=\"en_US\" \/><br \/>\n<input type=\"hidden\" name=\"_wpcf7_unit_tag\" value=\"wpcf7-f197-o1\" \/><br \/>\n<input type=\"hidden\" name=\"_wpcf7_container_post\" value=\"0\" \/><br \/>\n<input type=\"hidden\" name=\"_wpcf7_posted_data_hash\" value=\"\" \/><br \/>\n<textarea name=\"your-message\" cols=\"40\" rows=\"10\" aria-invalid=\"false\" placeholder=\"Your Message\"><\/textarea><br \/>\n<input type=\"text\" name=\"your-name\" value=\"\" size=\"40\" aria-required=\"true\" aria-invalid=\"false\" placeholder=\"Your Name\" \/><br \/>\n<input type=\"email\" name=\"your-email\" value=\"\" size=\"40\" aria-required=\"true\" aria-invalid=\"false\" placeholder=\"Your Email\" \/><br \/>\n<input type=\"submit\" value=\"Submit\" \/><\/form>\n<style>\/*! elementor - v3.7.3 - 29-08-2022 *\/\n.elementor-widget-google_maps .elementor-widget-container{overflow:hidden}.elementor-widget-google_maps iframe{height:300px}<\/style>\n<p>\t\t\t<iframe frameborder=\"0\" scrolling=\"no\" marginheight=\"0\" marginwidth=\"0\"\n\t\t\t\t\tsrc=\"https:\/\/maps.google.com\/maps?q=Edificio%20Santo%20Domingo%20Cl.%2016%20%235-64%2C%20Santa%20Marta%2C%20Magdalena&#038;t=m&#038;z=17&#038;output=embed&#038;iwloc=near\"\n\t\t\t\t\ttitle=\"Edificio Santo Domingo Cl. 16 #5-64, Santa Marta, Magdalena\"\n\t\t\t\t\taria-label=\"Edificio Santo Domingo Cl. 16 #5-64, Santa Marta, Magdalena\"\n\t\t\t><\/iframe><\/p>\n","protected":false},"excerpt":{"rendered":"<p>REALIZAR ENCUESTA DE SATISFACCI\u00d3N Para nosotros es muy importante conocer tu opini\u00f3n, haz clic en el bot\u00f3n y responde una breve encuesta que nos servir\u00e1 para mejorar juntos. MUCHAS GRACIAS !!! HAZ CLIC AQU\u00cd REALIZAR ENCUESTA DE SATISFACCI\u00d3N Para nosotros es muy importante conocer tu&#8230;<\/p>\n","protected":false},"author":1,"featured_media":0,"parent":0,"menu_order":0,"comment_status":"closed","ping_status":"closed","template":"full_width.php","meta":{"om_disable_all_campaigns":false,"_monsterinsights_skip_tracking":false,"_monsterinsights_sitenote_active":false,"_monsterinsights_sitenote_note":"","_monsterinsights_sitenote_category":0,"footnotes":""},"class_list":["post-180","page","type-page","status-publish","hentry"],"aioseo_notices":[],"_links":{"self":[{"href":"https:\/\/cootranorte.com\/index.php?rest_route=\/wp\/v2\/pages\/180","targetHints":{"allow":["GET"]}}],"collection":[{"href":"https:\/\/cootranorte.com\/index.php?rest_route=\/wp\/v2\/pages"}],"about":[{"href":"https:\/\/cootranorte.com\/index.php?rest_route=\/wp\/v2\/types\/page"}],"author":[{"embeddable":true,"href":"https:\/\/cootranorte.com\/index.php?rest_route=\/wp\/v2\/users\/1"}],"replies":[{"embeddable":true,"href":"https:\/\/cootranorte.com\/index.php?rest_route=%2Fwp%2Fv2%2Fcomments&post=180"}],"version-history":[{"count":36,"href":"https:\/\/cootranorte.com\/index.php?rest_route=\/wp\/v2\/pages\/180\/revisions"}],"predecessor-version":[{"id":576,"href":"https:\/\/cootranorte.com\/index.php?rest_route=\/wp\/v2\/pages\/180\/revisions\/576"}],"wp:attachment":[{"href":"https:\/\/cootranorte.com\/index.php?rest_route=%2Fwp%2Fv2%2Fmedia&parent=180"}],"curies":[{"name":"wp","href":"https:\/\/api.w.org\/{rel}","templated":true}]}}